{"id":1507,"date":"2020-09-14T03:50:30","date_gmt":"2020-09-14T03:50:30","guid":{"rendered":"https:\/\/www.wactipsom.org\/?page_id=1507"},"modified":"2021-10-26T09:40:20","modified_gmt":"2021-10-26T09:40:20","slug":"upcoming-events-form","status":"publish","type":"page","link":"https:\/\/www.wactipsom.org\/pt\/upcoming-events-form\/","title":{"rendered":"Formul\u00e1rio de Pr\u00f3ximos Eventos"},"content":{"rendered":"<div data-elementor-type=\"wp-page\" data-elementor-id=\"1507\" data-post-id=\"1507\" data-obj-id=\"1507\" class=\"elementor elementor-1507 dce-elementor-post-1507\" data-elementor-settings=\"[]\">\n\t\t\t\t\t\t<div class=\"elementor-inner\">\n\t\t\t\t\t\t\t<div class=\"elementor-section-wrap\">\n\t\t\t\t\t\t\t<section class=\"elementor-section elementor-top-section elementor-element elementor-element-6b837e4f elementor-section-boxed elementor-section-height-default elementor-section-height-default\" data-id=\"6b837e4f\" data-element_type=\"section\" data-settings=\"{&quot;background_background&quot;:&quot;classic&quot;}\">\n\t\t\t\t\t\t\t<div class=\"elementor-background-overlay\"><\/div>\n\t\t\t\t\t\t\t<div class=\"elementor-container elementor-column-gap-default\">\n\t\t\t\t\t\t\t<div class=\"elementor-row\">\n\t\t\t\t\t<div class=\"elementor-column elementor-col-100 elementor-top-column elementor-element elementor-element-375d31e5\" data-id=\"375d31e5\" data-element_type=\"column\">\n\t\t\t<div class=\"elementor-column-wrap elementor-element-populated\">\n\t\t\t\t\t\t\t<div class=\"elementor-widget-wrap\">\n\t\t\t\t\t\t<section class=\"elementor-section elementor-inner-section elementor-element elementor-element-8bc6bb2 elementor-section-boxed elementor-section-height-default elementor-section-height-default\" data-id=\"8bc6bb2\" data-element_type=\"section\">\n\t\t\t\t\t\t<div class=\"elementor-container elementor-column-gap-default\">\n\t\t\t\t\t\t\t<div class=\"elementor-row\">\n\t\t\t\t\t<div class=\"elementor-column elementor-col-100 elementor-inner-column elementor-element elementor-element-f080d41\" data-id=\"f080d41\" data-element_type=\"column\">\n\t\t\t<div class=\"elementor-column-wrap elementor-element-populated\">\n\t\t\t\t\t\t\t<div class=\"elementor-widget-wrap\">\n\t\t\t\t\t\t<div class=\"elementor-element elementor-element-1d355ec elementor-widget elementor-widget-heading\" data-id=\"1d355ec\" data-element_type=\"widget\" data-widget_type=\"heading.default\">\n\t\t\t\t<div class=\"elementor-widget-container\">\n\t\t\t<h5 class=\"elementor-heading-title elementor-size-default\">WACTIPSOM<\/h5>\t\t<\/div>\n\t\t\t\t<\/div>\n\t\t\t\t<div class=\"elementor-element elementor-element-dd6ba06 elementor-widget elementor-widget-heading\" data-id=\"dd6ba06\" data-element_type=\"widget\" data-widget_type=\"heading.default\">\n\t\t\t\t<div class=\"elementor-widget-container\">\n\t\t\t<h2 class=\"elementor-heading-title elementor-size-default\">Formul\u00e1rio de inscri\u00e7\u00e3o de evento<\/h2>\t\t<\/div>\n\t\t\t\t<\/div>\n\t\t\t\t<div class=\"elementor-element elementor-element-3171d7e elementor-widget elementor-widget-text-editor\" data-id=\"3171d7e\" data-element_type=\"widget\" data-widget_type=\"text-editor.default\">\n\t\t\t\t<div class=\"elementor-widget-container\">\n\t\t\t\t\t<div class=\"elementor-text-editor elementor-clearfix\"><p>Envie seus eventos relevantes e exiba-os no site da WACTIPSOM.\u00a0<\/p><\/div>\n\t\t\t\t<\/div>\n\t\t\t\t<\/div>\n\t\t\t\t<div class=\"elementor-element elementor-element-6d22d40 elementor-view-default elementor-widget elementor-widget-icon\" data-id=\"6d22d40\" data-element_type=\"widget\" data-widget_type=\"icon.default\">\n\t\t\t\t<div class=\"elementor-widget-container\">\n\t\t\t\t\t<div class=\"elementor-icon-wrapper\">\n\t\t\t<a class=\"elementor-icon\" href=\"#form\">\n\t\t\t<i aria-hidden=\"true\" class=\"fas fa-arrow-down\"><\/i>\t\t\t<\/a>\n\t\t<\/div>\n\t\t\t\t<\/div>\n\t\t\t\t<\/div>\n\t\t\t\t\t\t<\/div>\n\t\t\t\t\t<\/div>\n\t\t<\/div>\n\t\t\t\t\t\t\t\t<\/div>\n\t\t\t\t\t<\/div>\n\t\t<\/section>\n\t\t\t\t\t\t<\/div>\n\t\t\t\t\t<\/div>\n\t\t<\/div>\n\t\t\t\t\t\t\t\t<\/div>\n\t\t\t\t\t<\/div>\n\t\t<\/section>\n\t\t\t\t<section class=\"elementor-section elementor-top-section elementor-element elementor-element-fccb63f elementor-section-boxed elementor-section-height-default elementor-section-height-default\" data-id=\"fccb63f\" data-element_type=\"section\" id=\"form\" data-settings=\"{&quot;background_background&quot;:&quot;classic&quot;}\">\n\t\t\t\t\t\t\t<div class=\"elementor-background-overlay\"><\/div>\n\t\t\t\t\t\t\t<div class=\"elementor-container elementor-column-gap-default\">\n\t\t\t\t\t\t\t<div class=\"elementor-row\">\n\t\t\t\t\t<div class=\"elementor-column elementor-col-100 elementor-top-column elementor-element elementor-element-7aaf86e\" data-id=\"7aaf86e\" data-element_type=\"column\">\n\t\t\t<div class=\"elementor-column-wrap elementor-element-populated\">\n\t\t\t\t\t\t\t<div class=\"elementor-widget-wrap\">\n\t\t\t\t\t\t<section class=\"elementor-section elementor-inner-section elementor-element elementor-element-cc17f4a elementor-section-boxed elementor-section-height-default elementor-section-height-default\" data-id=\"cc17f4a\" data-element_type=\"section\">\n\t\t\t\t\t\t<div class=\"elementor-container elementor-column-gap-wider\">\n\t\t\t\t\t\t\t<div class=\"elementor-row\">\n\t\t\t\t\t<div class=\"elementor-column elementor-col-100 elementor-inner-column elementor-element elementor-element-9a67a25\" data-id=\"9a67a25\" data-element_type=\"column\">\n\t\t\t<div class=\"elementor-column-wrap elementor-element-populated\">\n\t\t\t\t\t\t\t<div class=\"elementor-widget-wrap\">\n\t\t\t\t\t\t<div class=\"elementor-element elementor-element-ce11cf2 elementor-button-align-stretch elementor-widget elementor-widget-form\" data-id=\"ce11cf2\" data-element_type=\"widget\" data-settings=\"{&quot;step_next_label&quot;:&quot;Next&quot;,&quot;step_previous_label&quot;:&quot;Previous&quot;,&quot;step_type&quot;:&quot;number_text&quot;,&quot;step_icon_shape&quot;:&quot;circle&quot;}\" data-widget_type=\"form.default\">\n\t\t\t\t<div class=\"elementor-widget-container\">\n\t\t\t\t\t<form class=\"elementor-form\" method=\"post\" id=\"wactipsom_events\" name=\"Event Form\" action=\"\">\n\t\t\t<input type=\"hidden\" name=\"post_id\" value=\"1507\"\/>\n\t\t\t<input type=\"hidden\" name=\"form_id\" value=\"ce11cf2\"\/>\n\n\t\t\t\n\t\t\t<div class=\"elementor-form-fields-wrapper elementor-labels-above\">\n\t\t\t\t\t\t\t\t<div class=\"elementor-field-type-text elementor-field-group elementor-column elementor-field-group-title elementor-col-100 elementor-field-required elementor-mark-required\">\n\t\t\t\t\t<label for=\"form-field-title\" class=\"elementor-field-label\">T\u00edtulo do Evento<\/label><input size=\"1\" type=\"text\" name=\"form_fields[title]\" id=\"form-field-title\" class=\"elementor-field elementor-size-md  elementor-field-textual\" placeholder=\"Insira o t\u00edtulo do evento\" required=\"required\" aria-required=\"true\">\t\t\t\t<\/div>\n\t\t\t\t\t\t\t\t<div class=\"elementor-field-type-text elementor-field-group elementor-column elementor-field-group-organizer elementor-col-100 elementor-field-required elementor-mark-required\">\n\t\t\t\t\t<label for=\"form-field-organizer\" class=\"elementor-field-label\">Nome do Organizador<\/label><input size=\"1\" type=\"text\" name=\"form_fields[organizer]\" id=\"form-field-organizer\" class=\"elementor-field elementor-size-md  elementor-field-textual\" placeholder=\"Nome do organizador &amp; #039; s\" required=\"required\" aria-required=\"true\">\t\t\t\t<\/div>\n\t\t\t\t\t\t\t\t<div class=\"elementor-field-type-text elementor-field-group elementor-column elementor-field-group-country elementor-col-100 elementor-field-required elementor-mark-required\">\n\t\t\t\t\t<label for=\"form-field-country\" class=\"elementor-field-label\">Pa\u00eds<\/label><input size=\"1\" type=\"text\" name=\"form_fields[country]\" id=\"form-field-country\" class=\"elementor-field elementor-size-md  elementor-field-textual\" placeholder=\"Insira o pa\u00eds\" required=\"required\" aria-required=\"true\">\t\t\t\t<\/div>\n\t\t\t\t\t\t\t\t<div class=\"elementor-field-type-textarea elementor-field-group elementor-column elementor-field-group-description elementor-col-100 elementor-field-required elementor-mark-required\">\n\t\t\t\t\t<label for=\"form-field-description\" class=\"elementor-field-label\">Descreva o evento<\/label><textarea class=\"elementor-field-textual elementor-field  elementor-size-md\" name=\"form_fields[description]\" id=\"form-field-description\" rows=\"3\" placeholder=\"Insira a descri\u00e7\u00e3o do evento\" required=\"required\" aria-required=\"true\"><\/textarea>\t\t\t\t<\/div>\n\t\t\t\t\t\t\t\t<div class=\"elementor-field-type-date elementor-field-group elementor-column elementor-field-group-date elementor-col-50 elementor-field-required elementor-mark-required\">\n\t\t\t\t\t<label for=\"form-field-date\" class=\"elementor-field-label\">Data do evento<\/label><input type=\"date\" name=\"form_fields[date]\" id=\"form-field-date\" class=\"elementor-field elementor-size-md  elementor-field-textual elementor-date-field\" placeholder=\"Insira a data do evento\" required=\"required\" aria-required=\"true\" pattern=\"[0-9]{4}-[0-9]{2}-[0-9]{2}\">\t\t\t\t<\/div>\n\t\t\t\t\t\t\t\t<div class=\"elementor-field-type-date elementor-field-group elementor-column elementor-field-group-enddate elementor-col-50\">\n\t\t\t\t\t<label for=\"form-field-enddate\" class=\"elementor-field-label\">Data de t\u00e9rmino do evento (opcional)<\/label><input type=\"date\" name=\"form_fields[enddate]\" id=\"form-field-enddate\" class=\"elementor-field elementor-size-md  elementor-field-textual elementor-date-field\" placeholder=\"Data de t\u00e9rmino do evento\" pattern=\"[0-9]{4}-[0-9]{2}-[0-9]{2}\">\t\t\t\t<\/div>\n\t\t\t\t\t\t\t\t<div class=\"elementor-field-type-time elementor-field-group elementor-column elementor-field-group-time elementor-col-100 elementor-field-required elementor-mark-required\">\n\t\t\t\t\t<label for=\"form-field-time\" class=\"elementor-field-label\">Hora do evento<\/label><input type=\"time\" name=\"form_fields[time]\" id=\"form-field-time\" class=\"elementor-field elementor-size-md  elementor-field-textual elementor-time-field\" placeholder=\"Insira a hora do evento\" required=\"required\" aria-required=\"true\">\t\t\t\t<\/div>\n\t\t\t\t\t\t\t\t<div class=\"elementor-field-type-textarea elementor-field-group elementor-column elementor-field-group-venue elementor-col-100 elementor-field-required elementor-mark-required\">\n\t\t\t\t\t<label for=\"form-field-venue\" class=\"elementor-field-label\">Local do evento<\/label><textarea class=\"elementor-field-textual elementor-field  elementor-size-md\" name=\"form_fields[venue]\" id=\"form-field-venue\" rows=\"2\" placeholder=\"Entrar no local\" required=\"required\" aria-required=\"true\"><\/textarea>\t\t\t\t<\/div>\n\t\t\t\t\t\t\t\t<div class=\"elementor-field-type-html elementor-field-group elementor-column elementor-field-group-field_9564703 elementor-col-100\">\n\t\t\t\t\t<br>\n<h2><strong>Contato do organizador:<\/strong><\/h2>\t\t\t\t<\/div>\n\t\t\t\t\t\t\t\t<div class=\"elementor-field-type-text elementor-field-group elementor-column elementor-field-group-contact elementor-col-100 elementor-field-required elementor-mark-required\">\n\t\t\t\t\t<label for=\"form-field-contact\" class=\"elementor-field-label\">Pessoa de contato<\/label><input size=\"1\" type=\"text\" name=\"form_fields[contact]\" id=\"form-field-contact\" class=\"elementor-field elementor-size-md  elementor-field-textual\" placeholder=\"Insira o nome da pessoa de contato &amp; #039;\" required=\"required\" aria-required=\"true\">\t\t\t\t<\/div>\n\t\t\t\t\t\t\t\t<div class=\"elementor-field-type-tel elementor-field-group elementor-column elementor-field-group-contact_number elementor-col-50 elementor-field-required elementor-mark-required\">\n\t\t\t\t\t<label for=\"form-field-contact_number\" class=\"elementor-field-label\">N\u00famero do contato<\/label><input size=\"1\" type=\"tel\" name=\"form_fields[contact_number]\" id=\"form-field-contact_number\" class=\"elementor-field elementor-size-md  elementor-field-textual\" placeholder=\"Digite o n\u00famero do telefone\" required=\"required\" aria-required=\"true\" pattern=\"[0-9()#&amp;+*-=.]+\" title=\"Only numbers and phone characters (#, -, *, etc) are accepted.\">\t\t\t\t<\/div>\n\t\t\t\t\t\t\t\t<div class=\"elementor-field-type-email elementor-field-group elementor-column elementor-field-group-contact_email elementor-col-50 elementor-field-required elementor-mark-required\">\n\t\t\t\t\t<label for=\"form-field-contact_email\" class=\"elementor-field-label\">E-mail do contato<\/label><input size=\"1\" type=\"email\" name=\"form_fields[contact_email]\" id=\"form-field-contact_email\" class=\"elementor-field elementor-size-md  elementor-field-textual\" placeholder=\"Digite o e-mail\" required=\"required\" aria-required=\"true\">\t\t\t\t<\/div>\n\t\t\t\t\t\t\t\t<div class=\"elementor-field-type-html elementor-field-group elementor-column elementor-field-group-field_ada3b6e elementor-col-100\">\n\t\t\t\t\t<br>\n\t\t\t\t<\/div>\n\t\t\t\t\t\t\t\t<div class=\"elementor-field-type-recaptcha elementor-field-group elementor-column elementor-field-group-field_d88d53f elementor-col-100\">\n\t\t\t\t\t<div class=\"elementor-field\" id=\"form-field-field_d88d53f\"><div class=\"elementor-g-recaptcha\" data-sitekey=\"6LfG580cAAAAALWHXiUD12wPMdrALx3gpvHvgtlg\" data-type=\"v2_checkbox\" data-theme=\"light\" data-size=\"normal\"><\/div><\/div>\t\t\t\t<\/div>\n\t\t\t\t\t\t\t\t<div class=\"elementor-field-group elementor-column elementor-field-type-submit elementor-col-100 e-form__buttons\">\n\t\t\t\t\t<button type=\"submit\" class=\"elementor-button elementor-size-md elementor-animation-float\">\n\t\t\t\t\t\t<span >\n\t\t\t\t\t\t\t\t\t\t\t\t\t\t\t<span class=\"elementor-button-icon\">\n\t\t\t\t\t\t\t\t\t\t\t\t\t\t\t\t\t\t\t\t\t\t\t\t\t\t<\/span>\n\t\t\t\t\t\t\t\t\t\t\t\t\t\t\t\t\t\t\t\t\t\t<span class=\"elementor-button-text\">Enviar Evento<\/span>\n\t\t\t\t\t\t\t\t\t\t\t\t\t<\/span>\n\t\t\t\t\t<\/button>\n\t\t\t\t<\/div>\n\t\t\t<\/div>\n\t\t<input type=\"hidden\" name=\"trp-form-language\" value=\"pt\"\/><\/form>\n\t\t\t\t<\/div>\n\t\t\t\t<\/div>\n\t\t\t\t\t\t<\/div>\n\t\t\t\t\t<\/div>\n\t\t<\/div>\n\t\t\t\t\t\t\t\t<\/div>\n\t\t\t\t\t<\/div>\n\t\t<\/section>\n\t\t\t\t\t\t<\/div>\n\t\t\t\t\t<\/div>\n\t\t<\/div>\n\t\t\t\t\t\t\t\t<\/div>\n\t\t\t\t\t<\/div>\n\t\t<\/section>\n\t\t\t\t\t\t<\/div>\n\t\t\t\t\t\t<\/div>\n\t\t\t\t\t<\/div>","protected":false},"excerpt":{"rendered":"<p>WACTIPSOM Event Submission Form Submit your relevant events and have them featured on the WACTIPSOM Website.\u00a0<\/p>","protected":false},"author":1,"featured_media":0,"parent":0,"menu_order":0,"comment_status":"closed","ping_status":"closed","template":"page-fullwidth-content.php","meta":{"footnotes":""},"_links":{"self":[{"href":"https:\/\/www.wactipsom.org\/pt\/wp-json\/wp\/v2\/pages\/1507"}],"collection":[{"href":"https:\/\/www.wactipsom.org\/pt\/wp-json\/wp\/v2\/pages"}],"about":[{"href":"https:\/\/www.wactipsom.org\/pt\/wp-json\/wp\/v2\/types\/page"}],"author":[{"embeddable":true,"href":"https:\/\/www.wactipsom.org\/pt\/wp-json\/wp\/v2\/users\/1"}],"replies":[{"embeddable":true,"href":"https:\/\/www.wactipsom.org\/pt\/wp-json\/wp\/v2\/comments?post=1507"}],"version-history":[{"count":12,"href":"https:\/\/www.wactipsom.org\/pt\/wp-json\/wp\/v2\/pages\/1507\/revisions"}],"predecessor-version":[{"id":3005,"href":"https:\/\/www.wactipsom.org\/pt\/wp-json\/wp\/v2\/pages\/1507\/revisions\/3005"}],"wp:attachment":[{"href":"https:\/\/www.wactipsom.org\/pt\/wp-json\/wp\/v2\/media?parent=1507"}],"curies":[{"name":"wp","href":"https:\/\/api.w.org\/{rel}","templated":true}]}}